{"id":35,"date":"2026-01-31T13:59:17","date_gmt":"2026-01-31T13:59:17","guid":{"rendered":"https:\/\/breath2life.com.mx\/?page_id=35"},"modified":"2026-02-01T01:26:00","modified_gmt":"2026-02-01T01:26:00","slug":"home","status":"publish","type":"page","link":"https:\/\/breath2life.com.mx\/","title":{"rendered":"Home"},"content":{"rendered":"\t\t<div data-elementor-type=\"wp-page\" data-elementor-id=\"35\" class=\"elementor elementor-35\" data-elementor-post-type=\"page\">\n\t\t\t\t<div class=\"elementor-element elementor-element-9045b44 e-con-full e-flex e-con e-parent\" data-id=\"9045b44\" data-element_type=\"container\" data-e-type=\"container\" data-settings=\"{&quot;background_background&quot;:&quot;classic&quot;}\">\n\t\t<div class=\"elementor-element elementor-element-a421c4a e-flex e-con-boxed e-con e-child\" data-id=\"a421c4a\" data-element_type=\"container\" data-e-type=\"container\">\n\t\t\t\t\t<div class=\"e-con-inner\">\n\t\t\t\t<div class=\"elementor-element elementor-element-8a7c721 elementor-widget elementor-widget-heading\" data-id=\"8a7c721\" data-element_type=\"widget\" data-e-type=\"widget\" data-widget_type=\"heading.default\">\n\t\t\t\t\t<h2 class=\"elementor-heading-title elementor-size-default\">Somos Breath2Life \u00ae<\/h2>\t\t\t\t<\/div>\n\t\t\t\t<div class=\"elementor-element elementor-element-4508dc7 elementor-widget elementor-widget-heading\" data-id=\"4508dc7\" data-element_type=\"widget\" data-e-type=\"widget\" data-widget_type=\"heading.default\">\n\t\t\t\t\t<h1 class=\"elementor-heading-title elementor-size-default\">Facilitadores de respiraci\u00f3n consciente.<\/h1>\t\t\t\t<\/div>\n\t\t\t\t<div class=\"elementor-element elementor-element-342b820 elementor-widget elementor-widget-heading\" data-id=\"342b820\" data-element_type=\"widget\" data-e-type=\"widget\" data-widget_type=\"heading.default\">\n\t\t\t\t\t<h4 class=\"elementor-heading-title elementor-size-default\">Un m\u00e9todo \u00fanico que combina respiraci\u00f3n consciente, neurociencia aplicada, trabajo som\u00e1tico y el poder del sonido.<\/h4>\t\t\t\t<\/div>\n\t\t\t\t<div class=\"elementor-element elementor-element-ca7b922 elementor-widget__width-initial elementor-widget elementor-widget-heading\" data-id=\"ca7b922\" data-element_type=\"widget\" data-e-type=\"widget\" data-widget_type=\"heading.default\">\n\t\t\t\t\t<h4 class=\"elementor-heading-title elementor-size-default\">No es magia, es ciencia<\/h4>\t\t\t\t<\/div>\n\t\t\t\t\t<\/div>\n\t\t\t\t<\/div>\n\t\t<div class=\"elementor-element elementor-element-32037a9 e-con-full e-flex e-con e-child\" data-id=\"32037a9\" data-element_type=\"container\" data-e-type=\"container\">\n\t\t\t\t<div class=\"elementor-element elementor-element-ecf9a2a elementor-widget elementor-widget-image\" data-id=\"ecf9a2a\" data-element_type=\"widget\" data-e-type=\"widget\" data-widget_type=\"image.default\">\n\t\t\t\t\t\t\t\t\t\t\t\t\t\t\t<img fetchpriority=\"high\" decoding=\"async\" width=\"800\" height=\"534\" src=\"https:\/\/breath2life.com.mx\/wp-content\/uploads\/2026\/02\/ChatGPT-Image-31-ene-2026-20_24_14-1024x683.webp\" class=\"attachment-large size-large wp-image-64\" alt=\"\" srcset=\"https:\/\/breath2life.com.mx\/wp-content\/uploads\/2026\/02\/ChatGPT-Image-31-ene-2026-20_24_14-1024x683.webp 1024w, https:\/\/breath2life.com.mx\/wp-content\/uploads\/2026\/02\/ChatGPT-Image-31-ene-2026-20_24_14-300x200.webp 300w, https:\/\/breath2life.com.mx\/wp-content\/uploads\/2026\/02\/ChatGPT-Image-31-ene-2026-20_24_14-768x512.webp 768w, https:\/\/breath2life.com.mx\/wp-content\/uploads\/2026\/02\/ChatGPT-Image-31-ene-2026-20_24_14.webp 1536w\" sizes=\"(max-width: 800px) 100vw, 800px\" \/>\t\t\t\t\t\t\t\t\t\t\t\t\t\t\t<\/div>\n\t\t\t\t<\/div>\n\t\t\t\t<\/div>\n\t\t\t\t<\/div>\n\t\t","protected":false},"excerpt":{"rendered":"<p>Somos Breath2Life \u00ae Facilitadores de respiraci\u00f3n consciente. Un m\u00e9todo \u00fanico que combina respiraci\u00f3n consciente, neurociencia aplicada, trabajo som\u00e1tico y el poder del sonido. No es magia, es ciencia<\/p>\n","protected":false},"author":1,"featured_media":0,"parent":0,"menu_order":0,"comment_status":"closed","ping_status":"closed","template":"elementor_header_footer","meta":{"footnotes":""},"class_list":["post-35","page","type-page","status-publish","hentry"],"yoast_head":"<!-- This site is optimized with the Yoast SEO plugin v27.4 - https:\/\/yoast.com\/product\/yoast-seo-wordpress\/ -->\n<title>Home - Breath2Life<\/title>\n<meta name=\"robots\" content=\"index, follow, max-snippet:-1, max-image-preview:large, max-video-preview:-1\" \/>\n<link rel=\"canonical\" href=\"https:\/\/breath2life.com.mx\/\" \/>\n<meta property=\"og:locale\" content=\"es_ES\" \/>\n<meta property=\"og:type\" content=\"article\" \/>\n<meta property=\"og:title\" content=\"Home - Breath2Life\" \/>\n<meta property=\"og:description\" content=\"Somos Breath2Life \u00ae Facilitadores de respiraci\u00f3n consciente. Un m\u00e9todo \u00fanico que combina respiraci\u00f3n consciente, neurociencia aplicada, trabajo som\u00e1tico y el poder del sonido. No es magia, es ciencia\" \/>\n<meta property=\"og:url\" content=\"https:\/\/breath2life.com.mx\/\" \/>\n<meta property=\"og:site_name\" content=\"Breath2Life\" \/>\n<meta property=\"article:modified_time\" content=\"2026-02-01T01:26:00+00:00\" \/>\n<meta property=\"og:image\" content=\"https:\/\/breath2life.com.mx\/wp-content\/uploads\/2026\/02\/ChatGPT-Image-31-ene-2026-20_24_14-1024x683.webp\" \/>\n<meta name=\"twitter:card\" content=\"summary_large_image\" \/>\n<meta name=\"twitter:label1\" content=\"Tiempo de lectura\" \/>\n\t<meta name=\"twitter:data1\" content=\"1 minuto\" \/>\n<script type=\"application\/ld+json\" class=\"yoast-schema-graph\">{\"@context\":\"https:\\\/\\\/schema.org\",\"@graph\":[{\"@type\":\"WebPage\",\"@id\":\"https:\\\/\\\/breath2life.com.mx\\\/\",\"url\":\"https:\\\/\\\/breath2life.com.mx\\\/\",\"name\":\"Home - Breath2Life\",\"isPartOf\":{\"@id\":\"https:\\\/\\\/breath2life.com.mx\\\/#website\"},\"primaryImageOfPage\":{\"@id\":\"https:\\\/\\\/breath2life.com.mx\\\/#primaryimage\"},\"image\":{\"@id\":\"https:\\\/\\\/breath2life.com.mx\\\/#primaryimage\"},\"thumbnailUrl\":\"https:\\\/\\\/breath2life.com.mx\\\/wp-content\\\/uploads\\\/2026\\\/02\\\/ChatGPT-Image-31-ene-2026-20_24_14-1024x683.webp\",\"datePublished\":\"2026-01-31T13:59:17+00:00\",\"dateModified\":\"2026-02-01T01:26:00+00:00\",\"breadcrumb\":{\"@id\":\"https:\\\/\\\/breath2life.com.mx\\\/#breadcrumb\"},\"inLanguage\":\"es\",\"potentialAction\":[{\"@type\":\"ReadAction\",\"target\":[\"https:\\\/\\\/breath2life.com.mx\\\/\"]}]},{\"@type\":\"ImageObject\",\"inLanguage\":\"es\",\"@id\":\"https:\\\/\\\/breath2life.com.mx\\\/#primaryimage\",\"url\":\"https:\\\/\\\/breath2life.com.mx\\\/wp-content\\\/uploads\\\/2026\\\/02\\\/ChatGPT-Image-31-ene-2026-20_24_14-1024x683.webp\",\"contentUrl\":\"https:\\\/\\\/breath2life.com.mx\\\/wp-content\\\/uploads\\\/2026\\\/02\\\/ChatGPT-Image-31-ene-2026-20_24_14-1024x683.webp\"},{\"@type\":\"BreadcrumbList\",\"@id\":\"https:\\\/\\\/breath2life.com.mx\\\/#breadcrumb\",\"itemListElement\":[{\"@type\":\"ListItem\",\"position\":1,\"name\":\"Portada\",\"item\":\"https:\\\/\\\/breath2life.com.mx\\\/\"},{\"@type\":\"ListItem\",\"position\":2,\"name\":\"Home\"}]},{\"@type\":\"WebSite\",\"@id\":\"https:\\\/\\\/breath2life.com.mx\\\/#website\",\"url\":\"https:\\\/\\\/breath2life.com.mx\\\/\",\"name\":\"Breath2Life\",\"description\":\"\",\"publisher\":{\"@id\":\"https:\\\/\\\/breath2life.com.mx\\\/#organization\"},\"potentialAction\":[{\"@type\":\"SearchAction\",\"target\":{\"@type\":\"EntryPoint\",\"urlTemplate\":\"https:\\\/\\\/breath2life.com.mx\\\/?s={search_term_string}\"},\"query-input\":{\"@type\":\"PropertyValueSpecification\",\"valueRequired\":true,\"valueName\":\"search_term_string\"}}],\"inLanguage\":\"es\"},{\"@type\":\"Organization\",\"@id\":\"https:\\\/\\\/breath2life.com.mx\\\/#organization\",\"name\":\"Breath2Life\",\"url\":\"https:\\\/\\\/breath2life.com.mx\\\/\",\"logo\":{\"@type\":\"ImageObject\",\"inLanguage\":\"es\",\"@id\":\"https:\\\/\\\/breath2life.com.mx\\\/#\\\/schema\\\/logo\\\/image\\\/\",\"url\":\"https:\\\/\\\/breath2life.com.mx\\\/wp-content\\\/uploads\\\/2025\\\/12\\\/breath2life-logo-transparent-cropped.webp\",\"contentUrl\":\"https:\\\/\\\/breath2life.com.mx\\\/wp-content\\\/uploads\\\/2025\\\/12\\\/breath2life-logo-transparent-cropped.webp\",\"width\":947,\"height\":313,\"caption\":\"Breath2Life\"},\"image\":{\"@id\":\"https:\\\/\\\/breath2life.com.mx\\\/#\\\/schema\\\/logo\\\/image\\\/\"}}]}<\/script>\n<!-- \/ Yoast SEO plugin. -->","yoast_head_json":{"title":"Home - Breath2Life","robots":{"index":"index","follow":"follow","max-snippet":"max-snippet:-1","max-image-preview":"max-image-preview:large","max-video-preview":"max-video-preview:-1"},"canonical":"https:\/\/breath2life.com.mx\/","og_locale":"es_ES","og_type":"article","og_title":"Home - Breath2Life","og_description":"Somos Breath2Life \u00ae Facilitadores de respiraci\u00f3n consciente. Un m\u00e9todo \u00fanico que combina respiraci\u00f3n consciente, neurociencia aplicada, trabajo som\u00e1tico y el poder del sonido. No es magia, es ciencia","og_url":"https:\/\/breath2life.com.mx\/","og_site_name":"Breath2Life","article_modified_time":"2026-02-01T01:26:00+00:00","og_image":[{"url":"https:\/\/breath2life.com.mx\/wp-content\/uploads\/2026\/02\/ChatGPT-Image-31-ene-2026-20_24_14-1024x683.webp","type":"","width":"","height":""}],"twitter_card":"summary_large_image","twitter_misc":{"Tiempo de lectura":"1 minuto"},"schema":{"@context":"https:\/\/schema.org","@graph":[{"@type":"WebPage","@id":"https:\/\/breath2life.com.mx\/","url":"https:\/\/breath2life.com.mx\/","name":"Home - Breath2Life","isPartOf":{"@id":"https:\/\/breath2life.com.mx\/#website"},"primaryImageOfPage":{"@id":"https:\/\/breath2life.com.mx\/#primaryimage"},"image":{"@id":"https:\/\/breath2life.com.mx\/#primaryimage"},"thumbnailUrl":"https:\/\/breath2life.com.mx\/wp-content\/uploads\/2026\/02\/ChatGPT-Image-31-ene-2026-20_24_14-1024x683.webp","datePublished":"2026-01-31T13:59:17+00:00","dateModified":"2026-02-01T01:26:00+00:00","breadcrumb":{"@id":"https:\/\/breath2life.com.mx\/#breadcrumb"},"inLanguage":"es","potentialAction":[{"@type":"ReadAction","target":["https:\/\/breath2life.com.mx\/"]}]},{"@type":"ImageObject","inLanguage":"es","@id":"https:\/\/breath2life.com.mx\/#primaryimage","url":"https:\/\/breath2life.com.mx\/wp-content\/uploads\/2026\/02\/ChatGPT-Image-31-ene-2026-20_24_14-1024x683.webp","contentUrl":"https:\/\/breath2life.com.mx\/wp-content\/uploads\/2026\/02\/ChatGPT-Image-31-ene-2026-20_24_14-1024x683.webp"},{"@type":"BreadcrumbList","@id":"https:\/\/breath2life.com.mx\/#breadcrumb","itemListElement":[{"@type":"ListItem","position":1,"name":"Portada","item":"https:\/\/breath2life.com.mx\/"},{"@type":"ListItem","position":2,"name":"Home"}]},{"@type":"WebSite","@id":"https:\/\/breath2life.com.mx\/#website","url":"https:\/\/breath2life.com.mx\/","name":"Breath2Life","description":"","publisher":{"@id":"https:\/\/breath2life.com.mx\/#organization"},"potentialAction":[{"@type":"SearchAction","target":{"@type":"EntryPoint","urlTemplate":"https:\/\/breath2life.com.mx\/?s={search_term_string}"},"query-input":{"@type":"PropertyValueSpecification","valueRequired":true,"valueName":"search_term_string"}}],"inLanguage":"es"},{"@type":"Organization","@id":"https:\/\/breath2life.com.mx\/#organization","name":"Breath2Life","url":"https:\/\/breath2life.com.mx\/","logo":{"@type":"ImageObject","inLanguage":"es","@id":"https:\/\/breath2life.com.mx\/#\/schema\/logo\/image\/","url":"https:\/\/breath2life.com.mx\/wp-content\/uploads\/2025\/12\/breath2life-logo-transparent-cropped.webp","contentUrl":"https:\/\/breath2life.com.mx\/wp-content\/uploads\/2025\/12\/breath2life-logo-transparent-cropped.webp","width":947,"height":313,"caption":"Breath2Life"},"image":{"@id":"https:\/\/breath2life.com.mx\/#\/schema\/logo\/image\/"}}]}},"_links":{"self":[{"href":"https:\/\/breath2life.com.mx\/index.php?rest_route=\/wp\/v2\/pages\/35","targetHints":{"allow":["GET"]}}],"collection":[{"href":"https:\/\/breath2life.com.mx\/index.php?rest_route=\/wp\/v2\/pages"}],"about":[{"href":"https:\/\/breath2life.com.mx\/index.php?rest_route=\/wp\/v2\/types\/page"}],"author":[{"embeddable":true,"href":"https:\/\/breath2life.com.mx\/index.php?rest_route=\/wp\/v2\/users\/1"}],"replies":[{"embeddable":true,"href":"https:\/\/breath2life.com.mx\/index.php?rest_route=%2Fwp%2Fv2%2Fcomments&post=35"}],"version-history":[{"count":22,"href":"https:\/\/breath2life.com.mx\/index.php?rest_route=\/wp\/v2\/pages\/35\/revisions"}],"predecessor-version":[{"id":69,"href":"https:\/\/breath2life.com.mx\/index.php?rest_route=\/wp\/v2\/pages\/35\/revisions\/69"}],"wp:attachment":[{"href":"https:\/\/breath2life.com.mx\/index.php?rest_route=%2Fwp%2Fv2%2Fmedia&parent=35"}],"curies":[{"name":"wp","href":"https:\/\/api.w.org\/{rel}","templated":true}]}}